{"id":87,"date":"2018-09-30T10:25:44","date_gmt":"2018-09-30T09:25:44","guid":{"rendered":"http:\/\/s527277273.online.de\/?page_id=87"},"modified":"2026-01-09T15:57:24","modified_gmt":"2026-01-09T14:57:24","slug":"repair-cafe","status":"publish","type":"page","link":"https:\/\/seniorenbuero-landau.de\/?page_id=87","title":{"rendered":"Repair-Cafe"},"content":{"rendered":"\t\t<div data-elementor-type=\"wp-page\" data-elementor-id=\"87\" class=\"elementor elementor-87\">\n\t\t\t\t\t\t<section class=\"elementor-section elementor-top-section elementor-element elementor-element-bbd6188 elementor-section-boxed elementor-section-height-default elementor-section-height-default\" data-id=\"bbd6188\" data-element_type=\"section\" data-e-type=\"section\">\n\t\t\t\t\t\t<div class=\"elementor-container elementor-column-gap-default\">\n\t\t\t\t\t<div class=\"elementor-column elementor-col-33 elementor-top-column elementor-element elementor-element-8649255\" data-id=\"8649255\" data-element_type=\"column\" data-e-type=\"column\">\n\t\t\t<div class=\"elementor-widget-wrap\">\n\t\t\t\t\t\t\t<\/div>\n\t\t<\/div>\n\t\t\t\t<div class=\"elementor-column elementor-col-66 elementor-top-column elementor-element elementor-element-15a9950\" data-id=\"15a9950\" data-element_type=\"column\" data-e-type=\"column\">\n\t\t\t<div class=\"elementor-widget-wrap elementor-element-populated\">\n\t\t\t\t\t\t<div class=\"elementor-element elementor-element-d7e0d88 elementor-widget elementor-widget-text-editor\" data-id=\"d7e0d88\" data-element_type=\"widget\" data-e-type=\"widget\" data-widget_type=\"text-editor.default\">\n\t\t\t\t<div class=\"elementor-widget-container\">\n\t\t\t\t\t\t\t\t\t<p>Das Repair-Caf\u00e9 findet jeden 2. Samstag im Monat im EWL (<a href=\"https:\/\/www.openstreetmap.org\/?mlat=49.19&amp;mlon=8.118533#map=17\/49.19\/8.118533\">Karte anzeigen<\/a>) statt.<br \/>Die Annahme ist in der Zeit von 13:00 bis 14:00 Uhr. <br \/>Die Reparatur erfolgt von 14:00 bis 16:00 Uhr. <br \/>Zwischenzeitlich kann gegen eine Spende die Wartezeit bei Kaffee und Kuchen verk\u00fcrzt werden. <br \/>Von 16:00 bis 16:30 Uhr k\u00f6nnen die reparierten Ger\u00e4te wieder abgeholt werden. <br \/>Da wir nur eine begrenzte Anzahl an Ger\u00e4ten annehmen k\u00f6nnen, ist eine vorherige Anmeldung per Email (<span lang=\"en-US\">\u00a0<\/span><span lang=\"en-US\"><a href=\"mailto:seniorenbuero-landau@t-online.de\">seniorenbuero-landau@t-online.de<\/a> )\u00a0 mit Angabe der Tel-Nr. f\u00fcr R\u00fcckfragen erforderlich. Anmeldung mit Tel: 06341-141162\u00a0 (Di. &#8211; Do.\u00a0 10-12 Uhr)<br \/><\/span><\/p><p>Diese Ger\u00e4te k\u00f6nnen im Repair-Caf\u00e9 nicht repariert werden:<br \/>&gt; Kaffeevollautomaten<br \/>&gt; Ger\u00e4te, die \u00e4lter als 30 Jahre sind, wie R\u00f6hrenradios &#8230;<\/p><p>Haben Sie Lust, bei uns ehrenamtlich zu reparieren? Dann kommen Sie einfach vorbei. Wir suchen laufend Reparateuere, die uns unterst\u00fctzen.<\/p>\t\t\t\t\t\t\t\t<\/div>\n\t\t\t\t<\/div>\n\t\t\t\t\t<\/div>\n\t\t<\/div>\n\t\t\t\t\t<\/div>\n\t\t<\/section>\n\t\t\t\t<section class=\"elementor-section elementor-top-section elementor-element elementor-element-67ed30a elementor-section-boxed elementor-section-height-default elementor-section-height-default\" data-id=\"67ed30a\" data-element_type=\"section\" data-e-type=\"section\">\n\t\t\t\t\t\t<div class=\"elementor-container elementor-column-gap-default\">\n\t\t\t\t\t<div class=\"elementor-column elementor-col-100 elementor-top-column elementor-element elementor-element-7f6f63f\" data-id=\"7f6f63f\" data-element_type=\"column\" data-e-type=\"column\">\n\t\t\t<div class=\"elementor-widget-wrap elementor-element-populated\">\n\t\t\t\t\t\t<div class=\"elementor-element elementor-element-3e51808 elementor-widget elementor-widget-image\" data-id=\"3e51808\" data-element_type=\"widget\" data-e-type=\"widget\" data-widget_type=\"image.default\">\n\t\t\t\t<div class=\"elementor-widget-container\">\n\t\t\t\t\t\t\t\t\t\t\t\t\t\t\t<img fetchpriority=\"high\" decoding=\"async\" width=\"526\" height=\"1024\" src=\"https:\/\/seniorenbuero-landau.de\/wp-content\/uploads\/2020\/10\/Flyer1-526x1024.jpg\" class=\"attachment-large size-large wp-image-925\" alt=\"R-C\" srcset=\"https:\/\/seniorenbuero-landau.de\/wp-content\/uploads\/2020\/10\/Flyer1-526x1024.jpg 526w, https:\/\/seniorenbuero-landau.de\/wp-content\/uploads\/2020\/10\/Flyer1-154x300.jpg 154w, https:\/\/seniorenbuero-landau.de\/wp-content\/uploads\/2020\/10\/Flyer1-768x1494.jpg 768w, https:\/\/seniorenbuero-landau.de\/wp-content\/uploads\/2020\/10\/Flyer1-789x1536.jpg 789w, https:\/\/seniorenbuero-landau.de\/wp-content\/uploads\/2020\/10\/Flyer1-1053x2048.jpg 1053w, https:\/\/seniorenbuero-landau.de\/wp-content\/uploads\/2020\/10\/Flyer1-830x1615.jpg 830w, https:\/\/seniorenbuero-landau.de\/wp-content\/uploads\/2020\/10\/Flyer1-230x448.jpg 230w, https:\/\/seniorenbuero-landau.de\/wp-content\/uploads\/2020\/10\/Flyer1-350x681.jpg 350w, https:\/\/seniorenbuero-landau.de\/wp-content\/uploads\/2020\/10\/Flyer1-480x934.jpg 480w, https:\/\/seniorenbuero-landau.de\/wp-content\/uploads\/2020\/10\/Flyer1.jpg 1311w\" sizes=\"(max-width: 526px) 100vw, 526px\" \/>\t\t\t\t\t\t\t\t\t\t\t\t\t\t\t<\/div>\n\t\t\t\t<\/div>\n\t\t\t\t\t<\/div>\n\t\t<\/div>\n\t\t\t\t\t<\/div>\n\t\t<\/section>\n\t\t\t\t<section class=\"elementor-section elementor-top-section elementor-element elementor-element-9537ff5 elementor-section-boxed elementor-section-height-default elementor-section-height-default\" data-id=\"9537ff5\" data-element_type=\"section\" data-e-type=\"section\">\n\t\t\t\t\t\t<div class=\"elementor-container elementor-column-gap-default\">\n\t\t\t\t\t<div class=\"elementor-column elementor-col-100 elementor-top-column elementor-element elementor-element-5fe6a86\" data-id=\"5fe6a86\" data-element_type=\"column\" data-e-type=\"column\">\n\t\t\t<div class=\"elementor-widget-wrap elementor-element-populated\">\n\t\t\t\t\t\t<div class=\"elementor-element elementor-element-b1461ef elementor-widget elementor-widget-image\" data-id=\"b1461ef\" data-element_type=\"widget\" data-e-type=\"widget\" data-widget_type=\"image.default\">\n\t\t\t\t<div class=\"elementor-widget-container\">\n\t\t\t\t\t\t\t\t\t\t\t\t\t\t\t<img decoding=\"async\" width=\"526\" height=\"1024\" src=\"https:\/\/seniorenbuero-landau.de\/wp-content\/uploads\/2018\/09\/Flyer2-526x1024.jpg\" class=\"attachment-large size-large wp-image-91\" alt=\"\" srcset=\"https:\/\/seniorenbuero-landau.de\/wp-content\/uploads\/2018\/09\/Flyer2-526x1024.jpg 526w, https:\/\/seniorenbuero-landau.de\/wp-content\/uploads\/2018\/09\/Flyer2-154x300.jpg 154w, https:\/\/seniorenbuero-landau.de\/wp-content\/uploads\/2018\/09\/Flyer2-768x1494.jpg 768w, https:\/\/seniorenbuero-landau.de\/wp-content\/uploads\/2018\/09\/Flyer2-830x1615.jpg 830w, https:\/\/seniorenbuero-landau.de\/wp-content\/uploads\/2018\/09\/Flyer2-230x448.jpg 230w, https:\/\/seniorenbuero-landau.de\/wp-content\/uploads\/2018\/09\/Flyer2-350x681.jpg 350w, https:\/\/seniorenbuero-landau.de\/wp-content\/uploads\/2018\/09\/Flyer2-480x934.jpg 480w, https:\/\/seniorenbuero-landau.de\/wp-content\/uploads\/2018\/09\/Flyer2.jpg 1311w\" sizes=\"(max-width: 526px) 100vw, 526px\" \/>\t\t\t\t\t\t\t\t\t\t\t\t\t\t\t<\/div>\n\t\t\t\t<\/div>\n\t\t\t\t\t<\/div>\n\t\t<\/div>\n\t\t\t\t\t<\/div>\n\t\t<\/section>\n\t\t\t\t<section class=\"elementor-section elementor-top-section elementor-element elementor-element-d8f07f9 elementor-section-boxed elementor-section-height-default elementor-section-height-default\" data-id=\"d8f07f9\" data-element_type=\"section\" data-e-type=\"section\">\n\t\t\t\t\t\t<div class=\"elementor-container elementor-column-gap-default\">\n\t\t\t\t\t<div class=\"elementor-column elementor-col-100 elementor-top-column elementor-element elementor-element-6279dfe\" data-id=\"6279dfe\" data-element_type=\"column\" data-e-type=\"column\">\n\t\t\t<div class=\"elementor-widget-wrap elementor-element-populated\">\n\t\t\t\t\t\t<div class=\"elementor-element elementor-element-9890c30 elementor-widget elementor-widget-image\" data-id=\"9890c30\" data-element_type=\"widget\" data-e-type=\"widget\" data-widget_type=\"image.default\">\n\t\t\t\t<div class=\"elementor-widget-container\">\n\t\t\t\t\t\t\t\t\t\t\t\t\t\t\t<img decoding=\"async\" width=\"512\" height=\"512\" src=\"https:\/\/seniorenbuero-landau.de\/wp-content\/uploads\/2018\/09\/cropped-Lageplan-Repair-Cafe-1.jpg\" class=\"attachment-large size-large wp-image-133\" alt=\"\" srcset=\"https:\/\/seniorenbuero-landau.de\/wp-content\/uploads\/2018\/09\/cropped-Lageplan-Repair-Cafe-1.jpg 512w, https:\/\/seniorenbuero-landau.de\/wp-content\/uploads\/2018\/09\/cropped-Lageplan-Repair-Cafe-1-150x150.jpg 150w, https:\/\/seniorenbuero-landau.de\/wp-content\/uploads\/2018\/09\/cropped-Lageplan-Repair-Cafe-1-300x300.jpg 300w, https:\/\/seniorenbuero-landau.de\/wp-content\/uploads\/2018\/09\/cropped-Lageplan-Repair-Cafe-1-230x230.jpg 230w, https:\/\/seniorenbuero-landau.de\/wp-content\/uploads\/2018\/09\/cropped-Lageplan-Repair-Cafe-1-350x350.jpg 350w, https:\/\/seniorenbuero-landau.de\/wp-content\/uploads\/2018\/09\/cropped-Lageplan-Repair-Cafe-1-480x480.jpg 480w, https:\/\/seniorenbuero-landau.de\/wp-content\/uploads\/2018\/09\/cropped-Lageplan-Repair-Cafe-1-270x270.jpg 270w, https:\/\/seniorenbuero-landau.de\/wp-content\/uploads\/2018\/09\/cropped-Lageplan-Repair-Cafe-1-192x192.jpg 192w, https:\/\/seniorenbuero-landau.de\/wp-content\/uploads\/2018\/09\/cropped-Lageplan-Repair-Cafe-1-180x180.jpg 180w, https:\/\/seniorenbuero-landau.de\/wp-content\/uploads\/2018\/09\/cropped-Lageplan-Repair-Cafe-1-32x32.jpg 32w\" sizes=\"(max-width: 512px) 100vw, 512px\" \/>\t\t\t\t\t\t\t\t\t\t\t\t\t\t\t<\/div>\n\t\t\t\t<\/div>\n\t\t\t\t\t<\/div>\n\t\t<\/div>\n\t\t\t\t\t<\/div>\n\t\t<\/section>\n\t\t\t\t<section class=\"elementor-section elementor-top-section elementor-element elementor-element-2d2bc18 elementor-section-boxed elementor-section-height-default elementor-section-height-default\" data-id=\"2d2bc18\" data-element_type=\"section\" data-e-type=\"section\">\n\t\t\t\t\t\t<div class=\"elementor-container elementor-column-gap-default\">\n\t\t\t\t\t<div class=\"elementor-column elementor-col-100 elementor-top-column elementor-element elementor-element-130dcd4\" data-id=\"130dcd4\" data-element_type=\"column\" data-e-type=\"column\">\n\t\t\t<div class=\"elementor-widget-wrap elementor-element-populated\">\n\t\t\t\t\t\t<div class=\"elementor-element elementor-element-2dc9dee elementor-widget elementor-widget-text-editor\" data-id=\"2dc9dee\" data-element_type=\"widget\" data-e-type=\"widget\" data-widget_type=\"text-editor.default\">\n\t\t\t\t<div class=\"elementor-widget-container\">\n\t\t\t\t\t\t\t\t\t<p><strong>Links zum Thema Repair-Caf\u00e9:<\/strong><\/p><p>Hier geht es zum <a href=\"https:\/\/ludwigswerkstaetten.de\/\">Repair-Caf\u00e9 Edenkoben und Edesheim<\/a><\/p><p style=\"text-align: left;\"><a href=\"https:\/\/www.repaircafe.org\/de\/community\/reparaturanleitungen\/\">Reparaturanleitungen<\/a><\/p><p><a href=\"https:\/\/seniorenbuero-landau.de\/Videos\/2021\/Repair_Caf\u00e9-Katrin,Philip,Caro.mp4\">Video: Repair-Caf\u00e9 reparieren statt wegwerfen (Uni Landau)<\/a><\/p><p><a href=\"https:\/\/seniorenbuero-landau.de\/Videos\/2019\/Repair_Cafe_Landau.mp4\">Video: Repair-Caf\u00e9 Landau im EWL<\/a><\/p><p><a class=\"\" href=\"https:\/\/seniorenbuero-landau.de\/Videos\/2019\/Repair_Cafe_Landau_50mal.mp4\">Video: Repair-Caf\u00e9 Landau zum 50. mal<\/a><\/p>\t\t\t\t\t\t\t\t<\/div>\n\t\t\t\t<\/div>\n\t\t\t\t\t<\/div>\n\t\t<\/div>\n\t\t\t\t\t<\/div>\n\t\t<\/section>\n\t\t\t\t<\/div>\n\t\t","protected":false},"excerpt":{"rendered":"<p>Das Repair-Caf\u00e9 findet jeden 2. Samstag im Monat im EWL (Karte anzeigen) statt.Die Annahme ist in der Zeit von 13:00 bis 14:00 [&hellip;]<\/p>\n","protected":false},"author":1,"featured_media":0,"parent":0,"menu_order":0,"comment_status":"closed","ping_status":"closed","template":"page-templates\/page_fullwidth.php","meta":{"footnotes":""},"class_list":["post-87","page","type-page","status-publish","hentry"],"_links":{"self":[{"href":"https:\/\/seniorenbuero-landau.de\/index.php?rest_route=\/wp\/v2\/pages\/87","targetHints":{"allow":["GET"]}}],"collection":[{"href":"https:\/\/seniorenbuero-landau.de\/index.php?rest_route=\/wp\/v2\/pages"}],"about":[{"href":"https:\/\/seniorenbuero-landau.de\/index.php?rest_route=\/wp\/v2\/types\/page"}],"author":[{"embeddable":true,"href":"https:\/\/seniorenbuero-landau.de\/index.php?rest_route=\/wp\/v2\/users\/1"}],"replies":[{"embeddable":true,"href":"https:\/\/seniorenbuero-landau.de\/index.php?rest_route=%2Fwp%2Fv2%2Fcomments&post=87"}],"version-history":[{"count":78,"href":"https:\/\/seniorenbuero-landau.de\/index.php?rest_route=\/wp\/v2\/pages\/87\/revisions"}],"predecessor-version":[{"id":2693,"href":"https:\/\/seniorenbuero-landau.de\/index.php?rest_route=\/wp\/v2\/pages\/87\/revisions\/2693"}],"wp:attachment":[{"href":"https:\/\/seniorenbuero-landau.de\/index.php?rest_route=%2Fwp%2Fv2%2Fmedia&parent=87"}],"curies":[{"name":"wp","href":"https:\/\/api.w.org\/{rel}","templated":true}]}}