{"id":174,"date":"2018-10-02T11:07:39","date_gmt":"2018-10-02T10:07:39","guid":{"rendered":"http:\/\/s527277273.online.de\/?page_id=174"},"modified":"2022-06-07T19:14:11","modified_gmt":"2022-06-07T18:14:11","slug":"mitgliedschaft","status":"publish","type":"page","link":"https:\/\/seniorenbuero-landau.de\/?page_id=174","title":{"rendered":"Mitgliedschaft \/ Spenden"},"content":{"rendered":"\t\t<div data-elementor-type=\"wp-page\" data-elementor-id=\"174\" class=\"elementor elementor-174\">\n\t\t\t\t\t\t<section class=\"elementor-section elementor-top-section elementor-element elementor-element-3e7b0714 elementor-section-boxed elementor-section-height-default elementor-section-height-default\" data-id=\"3e7b0714\" data-element_type=\"section\" data-e-type=\"section\">\n\t\t\t\t\t\t<div class=\"elementor-container elementor-column-gap-default\">\n\t\t\t\t\t<div class=\"elementor-column elementor-col-100 elementor-top-column elementor-element elementor-element-69fbcfa1\" data-id=\"69fbcfa1\" data-element_type=\"column\" data-e-type=\"column\">\n\t\t\t<div class=\"elementor-widget-wrap elementor-element-populated\">\n\t\t\t\t\t\t<div class=\"elementor-element elementor-element-5dc71512 elementor-widget elementor-widget-text-editor\" data-id=\"5dc71512\" data-element_type=\"widget\" data-e-type=\"widget\" data-widget_type=\"text-editor.default\">\n\t\t\t\t<div class=\"elementor-widget-container\">\n\t\t\t\t\t\t\t\t\t<h5>Gut ist, wenn Menschen, die es k\u00f6nnen, Menschen helfen, die Hilfe brauchen.<\/h5><p><span style=\"font-size: 18px;\"><strong>Sie sch\u00e4tzen unsere Arbeit und wollen unterst\u00fctzen?<\/strong><\/span><\/p><p>Ihre Unterst\u00fctzung ist uns herzlich willkommen:<\/p><ul><li style=\"padding-left: 30px;\"><p>Als Mitglied und Mitarbeiter*in des &#8222;Seniorenb\u00fcro-Ehrenamtsb\u00f6rse Landau e.V.\u201c oder<\/p><\/li><li style=\"padding-left: 30px;\">Als Mitglied in Form einer F\u00f6rdermitgliedschaft. Der Beitrag betr\u00e4gt 24 \u20ac pro Jahr. Er darf aber h\u00f6her ausfallen in Form einer Spende auf unser Konto.<\/li><li style=\"padding-left: 30px;\">Als Helfer*in, wenn wir Sie brauchen und Sie Zeit haben.<\/li><\/ul><p><strong>\u00a0\u00a0\u00a0\u00a0\u00a0\u00a0\u00a0\u00a0\u00a0\u00a0\u00a0\u00a0\u00a0\u00a0\u00a0 <a href=\"https:\/\/seniorenbuero-landau.de\/PDF-Dokumente\/Sonstiges\/Mitgliedschaft Antrag.pdf\" data-wplink-url-error=\"true\"><span style=\"font-size: 18pt;\">&gt; Antrag auf Mitgliedschaft herunterladen &lt;<\/span><\/a><\/strong><\/p><p>Zu Ihrer Information:<\/p><p style=\"padding-left: 30px;\">Die Stadt Landau unterst\u00fctzt uns, indem sie uns f\u00fcr unser B\u00fcro in der Waffenstra\u00dfe die Mietkosten erl\u00e4sst.<\/p><p style=\"padding-left: 30px;\">Vom Land Rheinland-Pfalz erhalten wir projektbezogene Unterst\u00fctzung und einen Kostenanteil f\u00fcr die laufenden Ausgaben.<\/p><p style=\"padding-left: 30px;\">Seniorenb\u00fcro e.V.<br \/>Sparkasse S\u00dcW<br \/>IBAN: DE79 5485 0010 1700 1182 25<br \/>BIC: SOLADESISUW<\/p>\t\t\t\t\t\t\t\t<\/div>\n\t\t\t\t<\/div>\n\t\t\t\t\t<\/div>\n\t\t<\/div>\n\t\t\t\t\t<\/div>\n\t\t<\/section>\n\t\t\t\t<\/div>\n\t\t","protected":false},"excerpt":{"rendered":"<p>Gut ist, wenn Menschen, die es k\u00f6nnen, Menschen helfen, die Hilfe brauchen. Sie sch\u00e4tzen unsere Arbeit und wollen unterst\u00fctzen? Ihre Unterst\u00fctzung ist [&hellip;]<\/p>\n","protected":false},"author":1,"featured_media":0,"parent":0,"menu_order":0,"comment_status":"closed","ping_status":"closed","template":"page-templates\/page_fullwidth.php","meta":{"footnotes":""},"class_list":["post-174","page","type-page","status-publish","hentry"],"_links":{"self":[{"href":"https:\/\/seniorenbuero-landau.de\/index.php?rest_route=\/wp\/v2\/pages\/174","targetHints":{"allow":["GET"]}}],"collection":[{"href":"https:\/\/seniorenbuero-landau.de\/index.php?rest_route=\/wp\/v2\/pages"}],"about":[{"href":"https:\/\/seniorenbuero-landau.de\/index.php?rest_route=\/wp\/v2\/types\/page"}],"author":[{"embeddable":true,"href":"https:\/\/seniorenbuero-landau.de\/index.php?rest_route=\/wp\/v2\/users\/1"}],"replies":[{"embeddable":true,"href":"https:\/\/seniorenbuero-landau.de\/index.php?rest_route=%2Fwp%2Fv2%2Fcomments&post=174"}],"version-history":[{"count":28,"href":"https:\/\/seniorenbuero-landau.de\/index.php?rest_route=\/wp\/v2\/pages\/174\/revisions"}],"predecessor-version":[{"id":1643,"href":"https:\/\/seniorenbuero-landau.de\/index.php?rest_route=\/wp\/v2\/pages\/174\/revisions\/1643"}],"wp:attachment":[{"href":"https:\/\/seniorenbuero-landau.de\/index.php?rest_route=%2Fwp%2Fv2%2Fmedia&parent=174"}],"curies":[{"name":"wp","href":"https:\/\/api.w.org\/{rel}","templated":true}]}}